{"id":329,"date":"2023-11-22T09:15:00","date_gmt":"2023-11-22T08:15:00","guid":{"rendered":"https:\/\/encuentromenstrual.redmenstrual.com\/?page_id=329"},"modified":"2025-11-27T19:05:41","modified_gmt":"2025-11-28T01:05:41","slug":"programa","status":"publish","type":"page","link":"https:\/\/encuentromenstrual.redmenstrual.com\/index.php\/programa\/","title":{"rendered":"Programa"},"content":{"rendered":"\t\t<div data-elementor-type=\"wp-page\" data-elementor-id=\"329\" class=\"elementor elementor-329\">\n\t\t\t\t<div class=\"elementor-element elementor-element-44f971e7 e-con-full e-flex e-con e-parent\" data-id=\"44f971e7\" data-element_type=\"container\" data-settings=\"{&quot;background_background&quot;:&quot;classic&quot;}\">\n\t\t\t\t<div class=\"elementor-element elementor-element-4553037e elementor-widget elementor-widget-image\" data-id=\"4553037e\" data-element_type=\"widget\" data-widget_type=\"image.default\">\n\t\t\t\t<div class=\"elementor-widget-container\">\n\t\t\t\t\t\t\t\t\t\t\t\t\t\t\t<img fetchpriority=\"high\" decoding=\"async\" width=\"500\" height=\"500\" src=\"https:\/\/encuentromenstrual.redmenstrual.com\/wp-content\/uploads\/2025\/09\/3.png\" class=\"attachment-large size-large wp-image-420\" alt=\"\" srcset=\"https:\/\/encuentromenstrual.redmenstrual.com\/wp-content\/uploads\/2025\/09\/3.png 500w, https:\/\/encuentromenstrual.redmenstrual.com\/wp-content\/uploads\/2025\/09\/3-300x300.png 300w, https:\/\/encuentromenstrual.redmenstrual.com\/wp-content\/uploads\/2025\/09\/3-150x150.png 150w, https:\/\/encuentromenstrual.redmenstrual.com\/wp-content\/uploads\/2025\/09\/3-470x470.png 470w\" sizes=\"(max-width: 500px) 100vw, 500px\" \/>\t\t\t\t\t\t\t\t\t\t\t\t\t\t\t<\/div>\n\t\t\t\t<\/div>\n\t\t\t\t<div class=\"elementor-element elementor-element-6f83f419 elementor-widget elementor-widget-ekit-nav-menu\" data-id=\"6f83f419\" data-element_type=\"widget\" data-widget_type=\"ekit-nav-menu.default\">\n\t\t\t\t<div class=\"elementor-widget-container\">\n\t\t\t\t\t\t\t<nav class=\"ekit-wid-con ekit_menu_responsive_tablet\" \n\t\t\tdata-hamburger-icon=\"\" \n\t\t\tdata-hamburger-icon-type=\"icon\" \n\t\t\tdata-responsive-breakpoint=\"1024\">\n\t\t\t            <button class=\"elementskit-menu-hamburger elementskit-menu-toggler\"  type=\"button\" aria-label=\"hamburger-icon\">\n                                    <span class=\"elementskit-menu-hamburger-icon\"><\/span><span class=\"elementskit-menu-hamburger-icon\"><\/span><span class=\"elementskit-menu-hamburger-icon\"><\/span>\n                            <\/button>\n            <div id=\"ekit-megamenu-menu-principal\" class=\"elementskit-menu-container elementskit-menu-offcanvas-elements elementskit-navbar-nav-default ekit-nav-menu-one-page-no ekit-nav-dropdown-hover\"><ul id=\"menu-menu-principal\" class=\"elementskit-navbar-nav elementskit-menu-po-center submenu-click-on-icon\"><li id=\"menu-item-327\" class=\"menu-item menu-item-type-post_type menu-item-object-page menu-item-home menu-item-327 nav-item elementskit-mobile-builder-content\" data-vertical-menu=750px><a href=\"https:\/\/encuentromenstrual.redmenstrual.com\/\" class=\"ekit-menu-nav-link\">Inicio<\/a><\/li>\n<li id=\"menu-item-600\" class=\"menu-item menu-item-type-post_type menu-item-object-page menu-item-600 nav-item elementskit-mobile-builder-content\" data-vertical-menu=750px><a href=\"https:\/\/encuentromenstrual.redmenstrual.com\/index.php\/programa\/\" class=\"ekit-menu-nav-link\">Programa<\/a><\/li>\n<li id=\"menu-item-334\" class=\"menu-item menu-item-type-post_type menu-item-object-page menu-item-334 nav-item elementskit-mobile-builder-content\" data-vertical-menu=750px><a href=\"https:\/\/encuentromenstrual.redmenstrual.com\/index.php\/hospedaje\/\" class=\"ekit-menu-nav-link\">Hospedaje<\/a><\/li>\n<\/ul><div class=\"elementskit-nav-identity-panel\"><button class=\"elementskit-menu-close elementskit-menu-toggler\" type=\"button\">X<\/button><\/div><\/div>\t\t\t\n\t\t\t<div class=\"elementskit-menu-overlay elementskit-menu-offcanvas-elements elementskit-menu-toggler ekit-nav-menu--overlay\"><\/div>        <\/nav>\n\t\t\t\t\t\t<\/div>\n\t\t\t\t<\/div>\n\t\t\t\t<div class=\"elementor-element elementor-element-66b87872 elementor-widget__width-auto elementor-hidden-tablet elementor-hidden-mobile elementor-widget elementor-widget-elementskit-social-media\" data-id=\"66b87872\" data-element_type=\"widget\" data-widget_type=\"elementskit-social-media.default\">\n\t\t\t\t<div class=\"elementor-widget-container\">\n\t\t\t\t\t<div class=\"ekit-wid-con\" >\t\t\t <ul class=\"ekit_social_media\">\n\t\t\t\t\t\t\t\t\t\t\t\t\t\t<li class=\"elementor-repeater-item-5eb0945\">\n\t\t\t\t\t    <a\n\t\t\t\t\t\thref=\"https:\/\/www.facebook.com\/RedMenstrual\" target=\"_blank\" aria-label=\"Facebook\" class=\"facebook\" >\n\t\t\t\t\t\t\t\n\t\t\t\t\t\t\t<i aria-hidden=\"true\" class=\"icon icon-facebook\"><\/i>\n                                                                                                            <\/a>\n                    <\/li>\n                    \t\t\t\t\t\t\t\t\t\t\t\t\t\t<li class=\"elementor-repeater-item-98fdd10\">\n\t\t\t\t\t    <a\n\t\t\t\t\t\thref=\"https:\/\/www.linkedin.com\/in\/red-de-educaci%C3%B3n-menstrual-38146a38a\/\" target=\"_blank\" aria-label=\"LinkedIn\" class=\"linkedin\" >\n\t\t\t\t\t\t\t\n\t\t\t\t\t\t\t<i aria-hidden=\"true\" class=\"icon icon-linkedin\"><\/i>\n                                                                                                            <\/a>\n                    <\/li>\n                    \t\t\t\t\t\t\t\t\t\t\t\t\t\t<li class=\"elementor-repeater-item-e9f752e\">\n\t\t\t\t\t    <a\n\t\t\t\t\t\thref=\"https:\/\/www.tiktok.com\/@red.educacion.menstrual?_t=ZS-90XPubptorU&#038;_r=1\" aria-label=\"Tiktok\" class=\"tiktok\" >\n\t\t\t\t\t\t\t\n\t\t\t\t\t\t\t<i aria-hidden=\"true\" class=\"fab fa-tiktok\"><\/i>\n                                                                                                            <\/a>\n                    <\/li>\n                    \t\t\t\t\t\t\t\t\t\t\t\t\t\t<li class=\"elementor-repeater-item-e2aa959\">\n\t\t\t\t\t    <a\n\t\t\t\t\t\thref=\"https:\/\/www.instagram.com\/red.educacion.menstrual\/\" aria-label=\"Instagram\" class=\"instagram\" >\n\t\t\t\t\t\t\t\n\t\t\t\t\t\t\t<i aria-hidden=\"true\" class=\"fab fa-instagram\"><\/i>\n                                                                                                            <\/a>\n                    <\/li>\n                    \t\t\t\t\t\t\t\t\t\t\t\t\t\t<li class=\"elementor-repeater-item-94913b5\">\n\t\t\t\t\t    <a\n\t\t\t\t\t\thref=\"https:\/\/www.youtube.com\/@redmenstrual\" aria-label=\"Youtube\" class=\"youtube\" >\n\t\t\t\t\t\t\t\n\t\t\t\t\t\t\t<i aria-hidden=\"true\" class=\"fab fa-youtube\"><\/i>\n                                                                                                            <\/a>\n                    <\/li>\n                    \t\t\t\t\t\t\t<\/ul>\n\t\t<\/div>\t\t\t\t<\/div>\n\t\t\t\t<\/div>\n\t\t\t\t<\/div>\n\t\t<div class=\"elementor-element elementor-element-2dbe2586 e-flex e-con-boxed e-con e-parent\" data-id=\"2dbe2586\" data-element_type=\"container\" data-settings=\"{&quot;background_background&quot;:&quot;classic&quot;}\">\n\t\t\t\t\t<div class=\"e-con-inner\">\n\t\t\t\t<div class=\"elementor-element elementor-element-5536ce2a elementor-widget elementor-widget-elementskit-heading\" data-id=\"5536ce2a\" data-element_type=\"widget\" data-widget_type=\"elementskit-heading.default\">\n\t\t\t\t<div class=\"elementor-widget-container\">\n\t\t\t\t\t<div class=\"ekit-wid-con\" ><div class=\"ekit-heading elementskit-section-title-wraper text_left   ekit_heading_tablet-   ekit_heading_mobile-\"><h2 class=\"ekit-heading--title elementskit-section-title \">Programa <\/h2>\t\t\t\t<div class='ekit-heading__description'>\n\t\t\t\t\t<p><span style=\"vertical-align: inherit\"><span style=\"vertical-align: inherit\">Objetivo de este programa es crear un espacio tranquilo y seguro donde se aborde las dificultades que viven las educadoras menstruales en su pr\u00e1ctica pero tambi\u00e9n nombrar y reconocer las metas alcanzadas sin dejar de lado las \u00e1reas de oportunidad para seguir mejorando.<\/span><\/span><\/p>\n\t\t\t\t<\/div>\n\t\t\t<\/div><\/div>\t\t\t\t<\/div>\n\t\t\t\t<\/div>\n\t\t\t\t\t<\/div>\n\t\t\t\t<\/div>\n\t\t<div class=\"elementor-element elementor-element-9f70553 e-flex e-con-boxed e-con e-parent\" data-id=\"9f70553\" data-element_type=\"container\">\n\t\t\t\t\t<div class=\"e-con-inner\">\n\t\t\t\t<div class=\"elementor-element elementor-element-a4f398e elementor-widget elementor-widget-image\" data-id=\"a4f398e\" data-element_type=\"widget\" data-widget_type=\"image.default\">\n\t\t\t\t<div class=\"elementor-widget-container\">\n\t\t\t\t\t\t\t\t\t\t\t\t\t\t\t<img decoding=\"async\" width=\"1024\" height=\"791\" src=\"https:\/\/encuentromenstrual.redmenstrual.com\/wp-content\/uploads\/2025\/11\/Triptico-Encuentro-2025-1024x791.jpg\" class=\"attachment-large size-large wp-image-875\" alt=\"\" srcset=\"https:\/\/encuentromenstrual.redmenstrual.com\/wp-content\/uploads\/2025\/11\/Triptico-Encuentro-2025-1024x791.jpg 1024w, https:\/\/encuentromenstrual.redmenstrual.com\/wp-content\/uploads\/2025\/11\/Triptico-Encuentro-2025-300x232.jpg 300w, https:\/\/encuentromenstrual.redmenstrual.com\/wp-content\/uploads\/2025\/11\/Triptico-Encuentro-2025-768x593.jpg 768w, https:\/\/encuentromenstrual.redmenstrual.com\/wp-content\/uploads\/2025\/11\/Triptico-Encuentro-2025-1536x1187.jpg 1536w, https:\/\/encuentromenstrual.redmenstrual.com\/wp-content\/uploads\/2025\/11\/Triptico-Encuentro-2025.jpg 2000w\" sizes=\"(max-width: 1024px) 100vw, 1024px\" \/>\t\t\t\t\t\t\t\t\t\t\t\t\t\t\t<\/div>\n\t\t\t\t<\/div>\n\t\t\t\t\t<\/div>\n\t\t\t\t<\/div>\n\t\t<div class=\"elementor-element elementor-element-18126de e-flex e-con-boxed e-con e-parent\" data-id=\"18126de\" data-element_type=\"container\">\n\t\t\t\t\t<div class=\"e-con-inner\">\n\t\t\t\t<div class=\"elementor-element elementor-element-a843c45 elementor-widget elementor-widget-image\" data-id=\"a843c45\" data-element_type=\"widget\" data-widget_type=\"image.default\">\n\t\t\t\t<div class=\"elementor-widget-container\">\n\t\t\t\t\t\t\t\t\t\t\t\t\t\t\t<img decoding=\"async\" width=\"707\" height=\"1000\" src=\"https:\/\/encuentromenstrual.redmenstrual.com\/wp-content\/uploads\/2025\/11\/WhatsApp-Image-2025-11-26-at-5.40.17-PM.jpeg\" class=\"attachment-large size-large wp-image-876\" alt=\"\" srcset=\"https:\/\/encuentromenstrual.redmenstrual.com\/wp-content\/uploads\/2025\/11\/WhatsApp-Image-2025-11-26-at-5.40.17-PM.jpeg 707w, https:\/\/encuentromenstrual.redmenstrual.com\/wp-content\/uploads\/2025\/11\/WhatsApp-Image-2025-11-26-at-5.40.17-PM-212x300.jpeg 212w\" sizes=\"(max-width: 707px) 100vw, 707px\" \/>\t\t\t\t\t\t\t\t\t\t\t\t\t\t\t<\/div>\n\t\t\t\t<\/div>\n\t\t\t\t\t<\/div>\n\t\t\t\t<\/div>\n\t\t<div class=\"elementor-element elementor-element-91fd2c5 e-flex e-con-boxed e-con e-parent\" data-id=\"91fd2c5\" data-element_type=\"container\" data-settings=\"{&quot;background_background&quot;:&quot;classic&quot;}\">\n\t\t\t\t\t<div class=\"e-con-inner\">\n\t\t\t\t<div class=\"elementor-element elementor-element-43c8ce67 elementor-widget elementor-widget-elementskit-heading\" data-id=\"43c8ce67\" data-element_type=\"widget\" data-widget_type=\"elementskit-heading.default\">\n\t\t\t\t<div class=\"elementor-widget-container\">\n\t\t\t\t\t<div class=\"ekit-wid-con\" ><div class=\"ekit-heading elementskit-section-title-wraper text_center   ekit_heading_tablet-   ekit_heading_mobile-\"><h2 class=\"ekit-heading--title elementskit-section-title \">Conat\u00e1ctanos<\/h2><\/div><\/div>\t\t\t\t<\/div>\n\t\t\t\t<\/div>\n\t\t\t\t<div class=\"elementor-element elementor-element-6b4a6610 elementor-widget elementor-widget-elementskit-heading\" data-id=\"6b4a6610\" data-element_type=\"widget\" data-widget_type=\"elementskit-heading.default\">\n\t\t\t\t<div class=\"elementor-widget-container\">\n\t\t\t\t\t<div class=\"ekit-wid-con\" ><div class=\"ekit-heading elementskit-section-title-wraper text_center   ekit_heading_tablet-   ekit_heading_mobile-\"><h3 class=\"elementskit-section-subtitle  \">\n\t\t\t\t\t\tCont\u00e1ctanos \n\t\t\t\t\t<\/h3><h2 class=\"ekit-heading--title elementskit-section-title \">Para cualquier duda, comentario o inquietud, comun\u00edcate con nosotras<\/h2><\/div><\/div>\t\t\t\t<\/div>\n\t\t\t\t<\/div>\n\t\t\t\t\t<\/div>\n\t\t\t\t<\/div>\n\t\t\t\t<\/div>\n\t\t","protected":false},"excerpt":{"rendered":"<p>Inicio Programa Hospedaje X Programa Objetivo de este programa es crear un espacio tranquilo y seguro donde se aborde las dificultades que viven las educadoras menstruales en su pr\u00e1ctica pero tambi\u00e9n nombrar y reconocer las metas alcanzadas sin dejar de lado las \u00e1reas de oportunidad para seguir mejorando. Conat\u00e1ctanos Cont\u00e1ctanos Para cualquier duda, comentario o &hellip; <\/p>\n","protected":false},"author":1,"featured_media":0,"parent":0,"menu_order":0,"comment_status":"closed","ping_status":"closed","template":"elementor_canvas","meta":{"postBodyCss":"","postBodyMargin":[],"postBodyPadding":[],"postBodyBackground":{"backgroundType":"classic","gradient":""},"footnotes":""},"class_list":["post-329","page","type-page","status-publish","hentry"],"_links":{"self":[{"href":"https:\/\/encuentromenstrual.redmenstrual.com\/index.php\/wp-json\/wp\/v2\/pages\/329","targetHints":{"allow":["GET"]}}],"collection":[{"href":"https:\/\/encuentromenstrual.redmenstrual.com\/index.php\/wp-json\/wp\/v2\/pages"}],"about":[{"href":"https:\/\/encuentromenstrual.redmenstrual.com\/index.php\/wp-json\/wp\/v2\/types\/page"}],"author":[{"embeddable":true,"href":"https:\/\/encuentromenstrual.redmenstrual.com\/index.php\/wp-json\/wp\/v2\/users\/1"}],"replies":[{"embeddable":true,"href":"https:\/\/encuentromenstrual.redmenstrual.com\/index.php\/wp-json\/wp\/v2\/comments?post=329"}],"version-history":[{"count":19,"href":"https:\/\/encuentromenstrual.redmenstrual.com\/index.php\/wp-json\/wp\/v2\/pages\/329\/revisions"}],"predecessor-version":[{"id":879,"href":"https:\/\/encuentromenstrual.redmenstrual.com\/index.php\/wp-json\/wp\/v2\/pages\/329\/revisions\/879"}],"wp:attachment":[{"href":"https:\/\/encuentromenstrual.redmenstrual.com\/index.php\/wp-json\/wp\/v2\/media?parent=329"}],"curies":[{"name":"wp","href":"https:\/\/api.w.org\/{rel}","templated":true}]}}